{"id":603,"date":"2013-09-20T18:58:07","date_gmt":"2013-09-20T18:58:07","guid":{"rendered":"http:\/\/laborlab.com.br\/wp\/?page_id=603"},"modified":"2023-12-14T19:08:31","modified_gmt":"2023-12-14T19:08:31","slug":"produtos-2","status":"publish","type":"page","link":"https:\/\/www.laborlab.com.br\/?page_id=603","title":{"rendered":"Produtos"},"content":{"rendered":"<p><b><span style=\"color: #da2450;\">QUIMICA CLINICA<\/span><\/b><\/p>\n<table width=\"100%\">\n<tbody>\n<tr>\n<td width=\"10%\"><strong>C\u00f3digo<\/strong><\/td>\n<td width=\"30%\"><strong>Descri\u00e7\u00e3o<\/strong><\/td>\n<td width=\"30%\"><strong>M\u00e9todo<\/strong><\/td>\n<td width=\"30%\"><strong>Apresenta\u00e7\u00e3o<\/strong><\/td>\n<\/tr>\n<tr>\n<td>1770010<\/td>\n<td>Albumin<\/td>\n<td>Colorim\u00e9trico, BCF<\/td>\n<td>1&#215;250 mL + 1&#215;1,8 mL STD<\/td>\n<\/tr>\n<tr>\n<td>1770020<\/td>\n<td>Amylase<\/td>\n<td>CNP-G3, Cin\u00e9tico, 405 nm<\/td>\n<td>2&#215;30 mL<\/td>\n<\/tr>\n<tr>\n<td>1770030<\/td>\n<td>Bilirubin D<\/td>\n<td>Colorim\u00e9trico, DPD<\/td>\n<td>1&#215;80 mL + 1&#215;16 mL<\/td>\n<\/tr>\n<tr>\n<td>1770040<\/td>\n<td>Bilirubin T<\/td>\n<td>Colorim\u00e9trico, DPD<\/td>\n<td>1&#215;80 mL + 1&#215;16 mL<\/td>\n<\/tr>\n<tr>\n<td>1770050<\/td>\n<td>C\u00e1lcio Arsenazo<\/td>\n<td>Colorim\u00e9trico, Arzenazo III<\/td>\n<td>2&#215;50 mL + 1&#215;4 mL STD<\/td>\n<\/tr>\n<tr>\n<td>1770060<\/td>\n<td>CK MB<\/td>\n<td>Imuno-inibi\u00e7\u00e3o, Cin\u00e9tico, UV<\/td>\n<td>1&#215;50 mL + 1&#215;10 mL + 1&#215;2 mL CTROL<\/td>\n<\/tr>\n<tr>\n<td>1770070<\/td>\n<td>CK NAC<\/td>\n<td>Cin\u00e9tico, UV<\/td>\n<td>1&#215;50 mL + 1&#215;10 mL<\/td>\n<\/tr>\n<tr>\n<td>1770080<\/td>\n<td>Colesterol COD-PAP Liquid Stable<\/td>\n<td>Enzim\u00e1tico CHOD\/POD<\/td>\n<td>2&#215;100 mL + 1&#215;4 mL STD<\/td>\n<\/tr>\n<tr>\n<td>1770100<\/td>\n<td>Creatinine<\/td>\n<td>Colorim\u00e9trico, Jaff\u00e9<\/td>\n<td>2&#215;100 mL + 2&#215;25 mL + 1&#215;30 mL STD<\/td>\n<\/tr>\n<tr>\n<td>1770110<\/td>\n<td>Alkaline Phosphatase<\/td>\n<td>DGKC, Cin\u00e9tico, 405 nm<\/td>\n<td>2&#215;48 mL + 2&#215;12 mL<\/td>\n<\/tr>\n<tr>\n<td>1770120<\/td>\n<td>\u03b3-Glutamyl Transferase<\/td>\n<td>Szasz, Cin\u00e9tico, 405 nm<\/td>\n<td>1&#215;48 mL + 1&#215;12 mL<\/td>\n<\/tr>\n<tr>\n<td>1770130<\/td>\n<td>Glicose GOD-PAP Liquid Stable<\/td>\n<td>Glicose Enzim\u00e1tico, GOD\/POD<\/td>\n<td>2&#215;250 mL + 1&#215;4 mL STD<\/td>\n<\/tr>\n<tr>\n<td>1770140<\/td>\n<td>GOT (AST)-UV LIQUID STABLE<\/td>\n<td>IFCC, Cin\u00e9tico, UV<\/td>\n<td>2&#215;48 mL + 2&#215;12 mL<\/td>\n<\/tr>\n<tr>\n<td>1770150<\/td>\n<td>GPT (ALT)-UV LIQUID STABLE<\/td>\n<td>IFCC, Cin\u00e9tico, UV<\/td>\n<td>2&#215;48 mL + 2&#215;12 mL<\/td>\n<\/tr>\n<tr>\n<td>1770160<\/td>\n<td>HDL Colesterol Direto<\/td>\n<td>Colorim\u00e9trico sem precipita\u00e7\u00e3o<\/td>\n<td>1&#215;60 mL + 1&#215;20 mL + 1&#215;1 mL CAL<\/td>\n<\/tr>\n<tr>\n<td>1770370<\/td>\n<td>LDL Cholesterol<\/td>\n<td>Colorim\u00e9trico sem precipita\u00e7\u00e3o<\/td>\n<td>1&#215;60 mL + 1&#215;20 mL + 1&#215;1 mL STD<\/td>\n<\/tr>\n<tr>\n<td>1770180<\/td>\n<td>Iron<\/td>\n<td>Colorim\u00e9trico, Ferene<\/td>\n<td>1&#215;80 mL + 1&#215;16 mL + 1&#215;20 mL STD<\/td>\n<\/tr>\n<tr>\n<td>1770200<\/td>\n<td>Lactate<\/td>\n<td>Colorim\u00e9trico LOD\/POD<\/td>\n<td>1&#215;60 mL + 1&#215;12 mL<\/td>\n<\/tr>\n<tr>\n<td>1770210<\/td>\n<td>LDH-P UV Liquid Stable Laborlab<\/td>\n<td>SFBC, Cin\u00e9tico, UV<\/td>\n<td>2&#215;48 mL + 2&#215;12 mL<\/td>\n<\/tr>\n<tr>\n<td>1770220<\/td>\n<td>Magnesium<\/td>\n<td>Colorim\u00e9trico, Xilidil Blue<\/td>\n<td>2&#215;50 mL + 1&#215;4 mL STD<\/td>\n<\/tr>\n<tr>\n<td>1770250<\/td>\n<td>Phosphorus<\/td>\n<td>Fosfomolibdato, UV<\/td>\n<td>1&#215;100 mL+ 1&#215;4 mL STD<\/td>\n<\/tr>\n<tr>\n<td>1770260<\/td>\n<td>Protal<\/td>\n<td>Colorim\u00e9trico, Biureto<\/td>\n<td>1&#215;250 mL + 1&#215;1,8 mL STD<\/td>\n<\/tr>\n<tr>\n<td>1770290<\/td>\n<td>Triglic\u00e9rides GOD-PAP Liquid Stable<\/td>\n<td>Enzim\u00e1tico GPO\/PAP<\/td>\n<td>2&#215;100 mL+ 1&#215;4 mL STD<\/td>\n<\/tr>\n<tr>\n<td>1770300<\/td>\n<td>Ur\u00e9ia UV Liquid Stable<\/td>\n<td>Enzim\u00e1tico, Urease\/GLDH, Cin\u00e9tico, UV<\/td>\n<td>2&#215;80 mL + 2&#215;20 mL + 1&#215;4 mL STD<\/td>\n<\/tr>\n<tr>\n<td>1770310<\/td>\n<td>Uric Acid<\/td>\n<td>Enzim\u00e1tico, UOD\/POD<\/td>\n<td>2&#215;48 mL + 2&#215;12 mL + 1&#215;4 mL STD<\/td>\n<\/tr>\n<tr>\n<td>1770350<\/td>\n<td>Protein U\/CSF<\/td>\n<td>Colorim\u00e9trico, Vermelho de Pirogalol<\/td>\n<td>1&#215;100 mL + 1&#215;4 mL STD<\/td>\n<\/tr>\n<tr>\n<td>1770460<\/td>\n<td>HbA1c Enzimatic<\/td>\n<td>Enzim\u00e1tico, Colorim\u00e9trico<\/td>\n<td>1&#215;18 mL + 1&#215;8 mL + 1&#215;12 mL<\/td>\n<\/tr>\n<tr>\n<td>1770470<\/td>\n<td>Acid and Prostatic Phosphatase<\/td>\n<td>Cin\u00e9tico colorim\u00e9trico<\/td>\n<td>1&#215;40 mL + 20&#215;2 mL + 1&#215;40 mL + 1&#215;5 mL<\/td>\n<\/tr>\n<tr>\n<td>1770560<\/td>\n<td>Lipase<\/td>\n<td>Cin\u00e9tico colorim\u00e9trico<\/td>\n<td>1&#215;20 + 1&#215;12 ml<\/td>\n<\/tr>\n<tr>\n<td>1770570<\/td>\n<td>Colinesterase<\/td>\n<td>Cin\u00e9tico colorim\u00e9trico<\/td>\n<td>1&#215;25 + 1x5ml<\/td>\n<\/tr>\n<\/tbody>\n<\/table>\n<p><b><span style=\"color: #da2450;\">TURBIDIMETRIA<\/span><\/b><\/p>\n<table width=\"100%\">\n<tbody>\n<tr>\n<td width=\"10%\"><strong>C\u00f3digo<\/strong><\/td>\n<td width=\"30%\"><strong>Descri\u00e7\u00e3o<\/strong><\/td>\n<td width=\"30%\"><strong>M\u00e9todo<\/strong><\/td>\n<td width=\"35%\"><strong>Apresenta\u00e7\u00e3o<\/strong><\/td>\n<\/tr>\n<tr>\n<td>1770170<\/td>\n<td>hs CRP<\/td>\n<td>Imunoturbidim\u00e9trico<\/td>\n<td>1&#215;20 mL + 1&#215;20 mL<\/td>\n<\/tr>\n<tr>\n<td>1770240<\/td>\n<td>CRP<\/td>\n<td>Imunoturbidim\u00e9trico<\/td>\n<td>1&#215;50 mL + 1&#215;10 mL<\/td>\n<\/tr>\n<tr>\n<td>1770340<\/td>\n<td>Anti-Streptolysin O &#8211; Aso<\/td>\n<td>Imunoturbidim\u00e9trico<\/td>\n<td>1&#215;12 mL + 1&#215;15 mL<\/td>\n<\/tr>\n<tr>\n<td>1770330<\/td>\n<td>Rheumatoide Factor (RF)<\/td>\n<td>Imunoturbidim\u00e9trico<\/td>\n<td>1&#215;30 mL + 1&#215;10 mL<\/td>\n<\/tr>\n<tr>\n<td>1770530<\/td>\n<td>Alfa-1-Acid Glycoprotein (Agp)<\/td>\n<td>Imunoturbidim\u00e9trico<\/td>\n<td>1&#215;60 mL + 1&#215;5 mL<\/td>\n<\/tr>\n<tr>\n<td>1770480<\/td>\n<td>C3<\/td>\n<td>Imunoturbidim\u00e9trico<\/td>\n<td>1&#215;20 mL<\/td>\n<\/tr>\n<tr>\n<td>1770490<\/td>\n<td>C4<\/td>\n<td>Imunoturbidim\u00e9trico<\/td>\n<td>1&#215;20 mL<\/td>\n<\/tr>\n<tr>\n<td>1770420<\/td>\n<td>Microalbumina<\/td>\n<td>Imunoturbidim\u00e9trico<\/td>\n<td>1&#215;40 mL + 1&#215;10 mL<\/td>\n<\/tr>\n<tr>\n<td>1770430<\/td>\n<td>IgA<\/td>\n<td>Imunoturbidim\u00e9trico<\/td>\n<td>1&#215;20 mL<\/td>\n<\/tr>\n<tr>\n<td>1770440<\/td>\n<td>IgG<\/td>\n<td>Imunoturbidim\u00e9trico<\/td>\n<td>1&#215;20 mL<\/td>\n<\/tr>\n<tr>\n<td>1770450<\/td>\n<td>IgM<\/td>\n<td>Imunoturbidim\u00e9trico<\/td>\n<td>1&#215;20 mL<\/td>\n<\/tr>\n<tr>\n<td>1770390<\/td>\n<td>Ferritin<\/td>\n<td>Imunoturbidim\u00e9trico<\/td>\n<td>1&#215;30 mL + 1&#215;10 mL<\/td>\n<\/tr>\n<tr>\n<td>1770580<\/td>\n<td>HbA1c<\/td>\n<td>Imunoturbidim\u00e9trico<\/td>\n<td>30 mL (1&#215;25+1&#215;5+1&#215;25)<\/td>\n<\/tr>\n<\/tbody>\n<\/table>\n<p><b><span style=\"color: #da2450;\">CALIBRADORES<\/span><\/b><\/p>\n<table width=\"100%\">\n<tbody>\n<tr>\n<td width=\"10%\"><strong>C\u00f3digo<\/strong><\/td>\n<td width=\"30%\"><strong>Descri\u00e7\u00e3o<\/strong><\/td>\n<td width=\"30%\"><\/td>\n<td width=\"30%\"><strong>Apresenta\u00e7\u00e3o<\/strong><\/td>\n<\/tr>\n<tr>\n<td>1770190<\/td>\n<td>Laborcal<\/td>\n<td><\/td>\n<td>1&#215;3 mL<\/td>\n<\/tr>\n<tr>\n<td>1770230<\/td>\n<td>CRP Calibrator Set<\/td>\n<td><\/td>\n<td>8&#215;2 mL<\/td>\n<\/tr>\n<tr>\n<td>1770400<\/td>\n<td>Ferritin Calibrator<\/td>\n<td><\/td>\n<td>4&#215;1 mL<\/td>\n<\/tr>\n<tr>\n<td>1770500<\/td>\n<td>HbA1c Enzimatic Calibrator<\/td>\n<td><\/td>\n<td>2&#215;0,5 mL<\/td>\n<\/tr>\n<tr>\n<td>1770590<\/td>\n<td>HbA1c Calibrator<\/td>\n<td><\/td>\n<td>1&#215;2 mL<\/td>\n<\/tr>\n<\/tbody>\n<\/table>\n<p><b><span style=\"color: #da2450;\">CONTROLE DE QUALIDADE<\/span><\/b><\/p>\n<table width=\"100%\">\n<tbody>\n<tr>\n<td width=\"10%\"><strong>C\u00f3digo<\/strong><\/td>\n<td width=\"30%\"><strong>Descri\u00e7\u00e3o<\/strong><\/td>\n<td width=\"30%\"><\/td>\n<td width=\"30%\"><strong>Apresenta\u00e7\u00e3o<\/strong><\/td>\n<\/tr>\n<tr>\n<td>1770270<\/td>\n<td>Laborcontrol 1<\/td>\n<td><\/td>\n<td>1&#215;5 mL<\/td>\n<\/tr>\n<tr>\n<td>1770280<\/td>\n<td>Laborcontrol 2<\/td>\n<td><\/td>\n<td>1&#215;5 mL<\/td>\n<\/tr>\n<tr>\n<td>1770320<\/td>\n<td>Immunology Control level 1<\/td>\n<td><\/td>\n<td>1&#215;1 mL<\/td>\n<\/tr>\n<tr>\n<td>1770360<\/td>\n<td>Protein U\/CSF Control<\/td>\n<td><\/td>\n<td>2&#215;3 mL<\/td>\n<\/tr>\n<tr>\n<td>1770510<\/td>\n<td>HbA1c Enzimatic Control<\/td>\n<td><\/td>\n<td>2&#215;0,5 mL<\/td>\n<\/tr>\n<tr>\n<td>1770600<\/td>\n<td>HbA1c Control<\/td>\n<td><\/td>\n<td>2&#215;1 mL<\/td>\n<\/tr>\n<tr>\n<td>1770410<\/td>\n<td>Ferritin Control (n\u00edvel 1 e 2)<\/td>\n<td><\/td>\n<td>2&#215;1 mL<\/td>\n<\/tr>\n<\/tbody>\n<\/table>\n<p><b><span style=\"color: #da2450;\">REAGENTES AUXILIARES<\/span><\/b><\/p>\n<table width=\"100%\">\n<tbody>\n<tr>\n<td width=\"10%\"><strong>C\u00f3digo<\/strong><\/td>\n<td width=\"30%\"><strong>Descri\u00e7\u00e3o<\/strong><\/td>\n<td width=\"30%\"><\/td>\n<td width=\"30%\"><strong>Apresenta\u00e7\u00e3o<\/strong><\/td>\n<\/tr>\n<tr>\n<td>1770520<\/td>\n<td>HbA1c Enzimatic Lysis Buffer<\/td>\n<td><\/td>\n<td>1&#215;50 mL<\/td>\n<\/tr>\n<tr>\n<td>1770610<\/td>\n<td>HbA1c Lysis Buffer<\/td>\n<td><\/td>\n<td>1&#215;250 mL<\/td>\n<\/tr>\n<\/tbody>\n<\/table>\n","protected":false},"excerpt":{"rendered":"<p>QUIMICA CLINICA C\u00f3digo Descri\u00e7\u00e3o M\u00e9todo Apresenta\u00e7\u00e3o 1770010 Albumin Colorim\u00e9trico, BCF 1&#215;250 mL + 1&#215;1,8 mL STD 1770020 Amylase CNP-G3, Cin\u00e9tico, 405 nm 2&#215;30 mL 1770030 Bilirubin D Colorim\u00e9trico, DPD 1&#215;80 mL + 1&#215;16 mL 1770040 Bilirubin T Colorim\u00e9trico, DPD 1&#215;80 mL + 1&#215;16 mL 1770050 C\u00e1lcio Arsenazo Colorim\u00e9trico, Arzenazo III 2&#215;50 mL + 1&#215;4 mL [&hellip;]<\/p>\n","protected":false},"author":1,"featured_media":0,"parent":0,"menu_order":0,"comment_status":"closed","ping_status":"open","template":"","meta":{"footnotes":""},"class_list":["post-603","page","type-page","status-publish","hentry"],"_links":{"self":[{"href":"https:\/\/www.laborlab.com.br\/index.php?rest_route=\/wp\/v2\/pages\/603","targetHints":{"allow":["GET"]}}],"collection":[{"href":"https:\/\/www.laborlab.com.br\/index.php?rest_route=\/wp\/v2\/pages"}],"about":[{"href":"https:\/\/www.laborlab.com.br\/index.php?rest_route=\/wp\/v2\/types\/page"}],"author":[{"embeddable":true,"href":"https:\/\/www.laborlab.com.br\/index.php?rest_route=\/wp\/v2\/users\/1"}],"replies":[{"embeddable":true,"href":"https:\/\/www.laborlab.com.br\/index.php?rest_route=%2Fwp%2Fv2%2Fcomments&post=603"}],"version-history":[{"count":20,"href":"https:\/\/www.laborlab.com.br\/index.php?rest_route=\/wp\/v2\/pages\/603\/revisions"}],"predecessor-version":[{"id":1435,"href":"https:\/\/www.laborlab.com.br\/index.php?rest_route=\/wp\/v2\/pages\/603\/revisions\/1435"}],"wp:attachment":[{"href":"https:\/\/www.laborlab.com.br\/index.php?rest_route=%2Fwp%2Fv2%2Fmedia&parent=603"}],"curies":[{"name":"wp","href":"https:\/\/api.w.org\/{rel}","templated":true}]}}