{"id":1312,"date":"2021-01-13T13:35:06","date_gmt":"2021-01-13T13:35:06","guid":{"rendered":"http:\/\/www.laborlab.com.br\/?page_id=1312"},"modified":"2025-07-02T12:18:52","modified_gmt":"2025-07-02T15:18:52","slug":"produtos-vet","status":"publish","type":"page","link":"https:\/\/www.laborlab.com.br\/?page_id=1312","title":{"rendered":"Produtos Vet"},"content":{"rendered":"\n<table class=\"wp-block-table\"><tbody><tr><td><figure class=\"wp-block-image\"><figure><img loading=\"lazy\" decoding=\"async\" width=\"637\" height=\"241\" src=\"http:\/\/www.laborlab.com.br\/wp\/wp-content\/uploads\/2021\/01\/JPG.jpg\" alt=\"\" class=\"wp-image-1363\" srcset=\"https:\/\/www.laborlab.com.br\/wp\/wp-content\/uploads\/2021\/01\/JPG.jpg 637w, https:\/\/www.laborlab.com.br\/wp\/wp-content\/uploads\/2021\/01\/JPG-300x114.jpg 300w, https:\/\/www.laborlab.com.br\/wp\/wp-content\/uploads\/2021\/01\/JPG-100x38.jpg 100w, https:\/\/www.laborlab.com.br\/wp\/wp-content\/uploads\/2021\/01\/JPG-31x12.jpg 31w, https:\/\/www.laborlab.com.br\/wp\/wp-content\/uploads\/2021\/01\/JPG-38x14.jpg 38w, https:\/\/www.laborlab.com.br\/wp\/wp-content\/uploads\/2021\/01\/JPG-425x161.jpg 425w\" sizes=\"auto, (max-width: 637px) 100vw, 637px\" \/><\/figure><\/figure><\/td><td><figure class=\"wp-block-image\"><figure><code><img decoding=\"async\" src=\"http:\/\/www.laborlab.com.br\/wp\/wp-content\/uploads\/2021\/01\/Recurso-2.png\" alt=\"\" class=\"wp-image-1363\"><\/code><\/figure><\/figure><\/td><\/tr><\/tbody><\/table>\n\n\n\n<p><b><span style=\"color: #da2450;\">QUIMICA CLINICA<\/span><\/b><\/p>\n<table width=\"100%\">\n<tbody>\n<tr>\n<td width=\"10%\"><strong>C\u00f3digo<\/strong><\/td>\n<td width=\"30%\"><strong>Descri\u00e7\u00e3o<\/strong><\/td>\n<td width=\"30%\"><strong>M\u00e9todo<\/strong><\/td>\n<td width=\"30%\"><strong>Apresenta\u00e7\u00e3o<\/strong><\/td>\n<\/tr>\n<tr>\n<td>1774014<\/td>\n<td>Albumin Vet<\/td>\n<td>Colorim\u00e9trico, BCF<\/td>\n<td>1&#215;250 mL + 1&#215;1,8 mL STD<\/td>\n<\/tr>\n<tr>\n<td>1774024<\/td>\n<td>Amylase vet<\/td>\n<td>CNP-G3, Cin\u00e9tico<\/td>\n<td>2&#215;30 mL<\/td>\n<\/tr>\n<tr>\n<td>1774034<\/td>\n<td>Bilirubina Direta Vet<\/td>\n<td>Colorim\u00e9trico, DPD<\/td>\n<td>1&#215;50 mL + 1&#215;10 mL<\/td>\n<\/tr>\n<tr>\n<td>1774044<\/td>\n<td>Bilirubina Total Vet<\/td>\n<td>Colorim\u00e9trico, DPD<\/td>\n<td>1&#215;50 mL + 1&#215;10 mL<\/td>\n<\/tr>\n<tr>\n<td>1774054<\/td>\n<td>C\u00e1lcio Arsenazo Vet<\/td>\n<td>Colorim\u00e9trico, Arzenazo III<\/td>\n<td>2&#215;50 mL + 1&#215;4 mL STD<\/td>\n<\/tr>\n<tr>\n<td>1774074<\/td>\n<td>CPK Vet<\/td>\n<td>Cin\u00e9tico, UV<\/td>\n<td>1&#215;50 mL + 1&#215;10 mL<\/td>\n<\/tr>\n<tr>\n<td>1774080<\/td>\n<td>Colesterol Vet<\/td>\n<td>Enzim\u00e1tico CHOD\/POD<\/td>\n<td>1&#215;250 mL + 1&#215;4 mL STD<\/td>\n<\/tr>\n<tr>\n<td>1774104<\/td>\n<td>Creatinina Vet<\/td>\n<td>Colorim\u00e9trico, Jaff\u00e9<\/td>\n<td>2&#215;100 mL + 2&#215;25 mL + 1&#215;30 mL STD<\/td>\n<\/tr>\n<tr>\n<td>1774114<\/td>\n<td>Fosfatase Alkalina Vet<\/td>\n<td>DGKC, Cin\u00e9tico<\/td>\n<td>2&#215;48 mL + 2&#215;12 mL<\/td>\n<\/tr>\n<tr>\n<td>1774124<\/td>\n<td>\u03b3-Glutamyl Transferase (GGT) Vet<\/td>\n<td>Szasz, Cin\u00e9tico<\/td>\n<td>1&#215;48 mL + 1&#215;12 mL<\/td>\n<\/tr>\n<tr>\n<td>1774134<\/td>\n<td>Glicemia vet<\/td>\n<td>Enzim\u00e1tico, GOD\/POD<\/td>\n<td>1&#215;250 mL + 1&#215;4 mL STD<\/td>\n<\/tr>\n<tr>\n<td>1774144<\/td>\n<td>GOT (AST) UV Vet<\/td>\n<td>IFCC, Cin\u00e9tico, UV<\/td>\n<td>2&#215;48 mL + 2&#215;12 mL<\/td>\n<\/tr>\n<tr>\n<td>1774154<\/td>\n<td>GPT (ALT) UV Vet<\/td>\n<td>IFCC, Cin\u00e9tico, UV<\/td>\n<td>2&#215;48 mL + 2&#215;12 mL<\/td>\n<\/tr>\n<tr>\n<td>1774164<\/td>\n<td>HDL Colesterol Direto Vet<\/td>\n<td>Colorim\u00e9trico sem precipita\u00e7\u00e3o<\/td>\n<td>1&#215;60 mL + 1&#215;20 mL + 1&#215;1 mL CAL<\/td>\n<\/tr>\n<td>1774184<\/td>\n<td>Ferro<\/td>\n<td>Colorim\u00e9trico, Ferene<\/td>\n<td>1&#215;50 mL + 1&#215;10 mL + 1&#215;20 mL STD<\/td>\n<\/tr>\n<tr>\n<td>1774204<\/td>\n<td>Lactato Vet<\/td>\n<td>Colorim\u00e9trico LOD\/POD<\/td>\n<td>1&#215;60 mL + 1&#215;12 mL<\/td>\n<\/tr>\n<tr>\n<td>1774214<\/td>\n<td>LDH-P UV Vet<\/td>\n<td>SFBC, Cin\u00e9tico, UV<\/td>\n<td>2&#215;48 mL + 2&#215;12 mL<\/td>\n<\/tr>\n<tr>\n<td>1774224<\/td>\n<td>Magn\u00e9sio Vet<\/td>\n<td>Colorim\u00e9trico, Xilidil Blue<\/td>\n<td>1&#215;50 mL + 1&#215;4 mL STD<\/td>\n<\/tr>\n<tr>\n<td>1774254<\/td>\n<td>Fosforo Vet<\/td>\n<td>Fosfomolibdato, UV<\/td>\n<td>1&#215;50 mL+ 1&#215;4 mL STD<\/td>\n<\/tr>\n<tr>\n<td>1774264<\/td>\n<td>Prote\u00ednas Totales<\/td>\n<td>Colorim\u00e9trico, Biureto<\/td>\n<td>1&#215;250 mL + 1&#215;1,8 mL STD<\/td>\n<\/tr>\n<tr>\n<td>1774294<\/td>\n<td>Triglic\u00e9rideos Vet<\/td>\n<td>Enzim\u00e1tico GPO\/PAP<\/td>\n<td>1&#215;250 mL+ 1&#215;4 mL STD<\/td>\n<\/tr>\n<tr>\n<td>1774304<\/td>\n<td>Ur\u00e9ia UV Vet<\/td>\n<td>Enzim\u00e1tico, Urease\/GLDH, Cin\u00e9tico, UV<\/td>\n<td>2&#215;80 mL + 2&#215;20 mL + 1&#215;4 mL STD<\/td>\n<\/tr>\n<tr>\n<td>1774314<\/td>\n<td>Acido Urico Vet<\/td>\n<td>Enzim\u00e1tico, UOD\/POD<\/td>\n<td>2&#215;48 mL + 2&#215;12 mL + 1&#215;4 mL STD<\/td>\n<\/tr>\n<\/tbody>\n<\/table>\n<p><b><span style=\"color: #da2450;\">CALIBRADORES<\/span><\/b><\/p>\n<table width=\"100%\">\n<tbody>\n<tr>\n<td width=\"10%\"><strong>C\u00f3digo<\/strong><\/td>\n<td width=\"30%\"><strong>Descri\u00e7\u00e3o<\/strong><\/td>\n<td width=\"30%\">\u00a0<\/td>\n<td width=\"30%\"><strong>Apresenta\u00e7\u00e3o<\/strong><\/td>\n<\/tr>\n<tr>\n<td>1774194<\/td>\n<td>Laborcal Vet<\/td>\n<td>\u00a0<\/td>\n<td>1&#215;3 mL<\/td>\n<\/tr>\n<\/tbody>\n<\/table>\n<p><b><span style=\"color: #da2450;\">CONTROLE DE QUALIDADE<\/span><\/b><\/p>\n<table width=\"100%\">\n<tbody>\n<tr>\n<td width=\"10%\"><strong>C\u00f3digo<\/strong><\/td>\n<td width=\"30%\"><strong>Descri\u00e7\u00e3o<\/strong><\/td>\n<td width=\"30%\">\u00a0<\/td>\n<td width=\"30%\"><strong>Apresenta\u00e7\u00e3o<\/strong><\/td>\n<\/tr>\n<tr>\n<td>1774274<\/td>\n<td>Laborcontrol 1<\/td>\n<td>\u00a0<\/td>\n<td>1&#215;5 mL<\/td>\n<\/tr>\n<tr>\n<td>1774284<\/td>\n<td>Laborcontrol 2<\/td>\n<td>\u00a0<\/td>\n<td>1&#215;5 mL<\/td>\n<\/tr>\n<\/tbody>\n<\/table>\n","protected":false},"excerpt":{"rendered":"<p>QUIMICA CLINICA C\u00f3digo Descri\u00e7\u00e3o M\u00e9todo Apresenta\u00e7\u00e3o 1774014 Albumin Vet Colorim\u00e9trico, BCF 1&#215;250 mL + 1&#215;1,8 mL STD 1774024 Amylase vet CNP-G3, Cin\u00e9tico 2&#215;30 mL 1774034 Bilirubina Direta Vet Colorim\u00e9trico, DPD 1&#215;50 mL + 1&#215;10 mL 1774044 Bilirubina Total Vet Colorim\u00e9trico, DPD 1&#215;50 mL + 1&#215;10 mL 1774054 C\u00e1lcio Arsenazo Vet Colorim\u00e9trico, Arzenazo III 2&#215;50 mL [&hellip;]<\/p>\n","protected":false},"author":1,"featured_media":0,"parent":0,"menu_order":0,"comment_status":"closed","ping_status":"closed","template":"","meta":{"footnotes":""},"class_list":["post-1312","page","type-page","status-publish","hentry"],"_links":{"self":[{"href":"https:\/\/www.laborlab.com.br\/index.php?rest_route=\/wp\/v2\/pages\/1312","targetHints":{"allow":["GET"]}}],"collection":[{"href":"https:\/\/www.laborlab.com.br\/index.php?rest_route=\/wp\/v2\/pages"}],"about":[{"href":"https:\/\/www.laborlab.com.br\/index.php?rest_route=\/wp\/v2\/types\/page"}],"author":[{"embeddable":true,"href":"https:\/\/www.laborlab.com.br\/index.php?rest_route=\/wp\/v2\/users\/1"}],"replies":[{"embeddable":true,"href":"https:\/\/www.laborlab.com.br\/index.php?rest_route=%2Fwp%2Fv2%2Fcomments&post=1312"}],"version-history":[{"count":8,"href":"https:\/\/www.laborlab.com.br\/index.php?rest_route=\/wp\/v2\/pages\/1312\/revisions"}],"predecessor-version":[{"id":2249,"href":"https:\/\/www.laborlab.com.br\/index.php?rest_route=\/wp\/v2\/pages\/1312\/revisions\/2249"}],"wp:attachment":[{"href":"https:\/\/www.laborlab.com.br\/index.php?rest_route=%2Fwp%2Fv2%2Fmedia&parent=1312"}],"curies":[{"name":"wp","href":"https:\/\/api.w.org\/{rel}","templated":true}]}}