{"id":12,"date":"2013-04-04T16:48:39","date_gmt":"2013-04-04T19:48:39","guid":{"rendered":"http:\/\/pablotrincavelli.wordpress.com\/?page_id=12"},"modified":"2025-06-12T08:58:16","modified_gmt":"2025-06-12T11:58:16","slug":"distribuidores","status":"publish","type":"page","link":"https:\/\/www.laborlab.com.br\/?page_id=12","title":{"rendered":"Distribuidores"},"content":{"rendered":"\n<figure class=\"wp-block-table is-style-stripes\"><table class=\"has-fixed-layout\"><tbody><tr><td class=\"has-text-align-left\" data-align=\"left\"><br><b><center>Distribuidor<\/center><\/b><br><\/td><td class=\"has-text-align-center\" data-align=\"center\"><br><b><center>Endere\u00e7o<\/center><\/b><br><\/td><td><br><b><center>E-mail<\/center><\/b><br><\/td><\/tr><tr><td class=\"has-text-align-left\" data-align=\"left\"><br>DISLAB Produtos p\/Laborat\u00f3rios<\/td><td class=\"has-text-align-center\" data-align=\"center\"><br>Av. Mau\u00e1, 2007 \u2013 Maringa\/PR. <br>CEP: 87050-020<\/td><td><li>(44) 3222-6520 <\/li><li><a href=\"mailto:vendas@dislabparana.com.br\" data-type=\"link\" data-id=\"vendas@dislabparana.com.br\">vendas@dislabparana.com.br<\/a><\/li><li>www.dislabparana.com.br    <\/li><li>Contato: Setor Vendas               <\/li><li>\u00c1rea de atua\u00e7\u00e3o: PR.<\/li><\/td><\/tr><tr><td class=\"has-text-align-left\" data-align=\"left\"> TKS Com\u00e9rcio de Materiais p\/Laborat\u00f3rio <\/td><td class=\"has-text-align-center\" data-align=\"center\"> Rua Jos\u00e9 Aparecido Lobo Colino, 114 \u2013 Sala 02 \u2013 Residencial Bosque dos Ipes \u2013 S\u00e3o Jos\u00e9 dos Campos\/SP.\n                <br>CEP: 12236-873 <\/td><td>\n                <li>(12) 3028-7839\n                <\/li><li><a href=\"mailto:sinezio.tks@outlook.com\">sinezio.tks@outlook.com<\/a>\n                <\/li><li>Contato: Sin\u00e9zio\n                <\/li><li>\u00c1rea de atua\u00e7\u00e3o: SP (Interior)\n            <\/li><\/td><\/tr><tr><td class=\"has-text-align-left\" data-align=\"left\"> MAQLAB \u2013 Assessoria Com\u00e9rcio de Reagentes Ltda. <\/td><td class=\"has-text-align-center\" data-align=\"center\">\n                Rua Antonio Bergamin, 60 \u2013 Cidade Jardim \u2013 &nbsp;Itatiba\/SP.\n                <br>CEP: 13253-105\n            <\/td><td>\n                <li>(11) 4538-8891\n                <\/li><li><a href=\"mailto:maqlabvendas@hotmail.com\">maqlabvendas@hotmail.com<\/a>\n                <\/li><li>Contato: Adalgiso Junior\n                <\/li><li>\u00c1rea de atua\u00e7\u00e3o: SP (Interior)\n            <\/li><\/td><\/tr><tr><td class=\"has-text-align-left\" data-align=\"left\"> QUALYLAB&nbsp; Prods. Hosp. e Laboratoriais Ltda.EPP <\/td><td class=\"has-text-align-center\" data-align=\"center\">\n                Rua Hermes Rodrigues da Fonseca, 1151 \u2013 Fundos \u2013 Vila Eben\u00e9zer\n                &nbsp;Assis\/SP. <br>CEP: 19807-180 &nbsp; <\/td><td>\n                <li>(18) 3324-2071\n                <\/li><li><a href=\"mailto:comercial@qualylab.net\">comercial@qualylab.net<\/a>\n                <\/li><li>Contato: Gilberto\n                <\/li><li>\u00c1rea de atua\u00e7\u00e3o: SP (Interior)\n            <\/li><\/td><\/tr><tr><td class=\"has-text-align-left\" data-align=\"left\">CAMARGO SCIENCE <br>Solu\u00e7\u00f5es Diagn\u00f3sticas Eireli \u2013 EPP. <br>Grupo D\u00e9cio Camargo MODIFICAR! <\/td><td class=\"has-text-align-center\" data-align=\"center\">\n                Av. Severino Meirelles, 1656 \u2013 Centro. Santa Rita do Passa Quatro\/SP.\n                <br>CEP: 13670-000\n            <\/td><td>\n                <li>(19) 3582-9797\n                <\/li><li>(19)- 99881-9797\n                <\/li><li><a ref=\"mailto:vendas@deciocamargo.com.br\">vendas@deciocamargo.com.br<\/a>\n                <\/li><li>Contato: Carolina\n                <\/li><li>\u00c1rea de atua\u00e7\u00e3o: SP (Interior)\n            <\/li><\/td><\/tr><tr><td class=\"has-text-align-left\" data-align=\"left\"> DIAGMASTER 15 Comercial Diagn\u00f3stica Ltda \u2013 ME. <\/td><td class=\"has-text-align-center\" data-align=\"center\">\n                Av. Domingos Damasceno Duarte, 715 \u2013 Bairro Trindade S\u00e3o\n                Gon\u00e7alo\/RJ. <br>CEP: 24456-422 <\/td><td>\n                <li>(21) 3858-0803\n                <\/li><li><a href=\"mailto:Marcelo.mello@diagmaster15.com.br\">Marcelo.mello@diagmaster15.com.br<\/a>\n                <\/li><li>Contato: Marcelo Mello\n                <\/li><li>\u00c1rea de atua\u00e7\u00e3o: RJ.\n            <\/li><\/td><\/tr><tr><td class=\"has-text-align-left\" data-align=\"left\"> SUPRIBIO Diagn\u00f3stica do Brasil Ltda. \u2013 ME. &nbsp; &nbsp; <\/td><td class=\"has-text-align-center\" data-align=\"center\"> Av. C1, 571 \u2013 Jd. Am\u00e9rica \u2013 Goi\u00e2nia\/GO. <br>CEP: 74265-010 <\/td><td>\n                <li>(62) 3922-2500\n                <\/li><li><a href=\"mailto:Vendas1@supribio.com.br\">Vendas1@supribio.com.br<\/a>\n                <\/li><li>Contato: Alessandro Netto\n                <\/li><li>\u00c1rea de atua\u00e7\u00e3o: GO.\n            <\/li><\/td><\/tr><tr><td class=\"has-text-align-left\" data-align=\"left\"> MEDCAL FARMA Hospitalar Ltda. <\/td><td class=\"has-text-align-center\" data-align=\"center\"> Av. Miguel Castro, 998 \u2013\n                Bairro: &nbsp;Nsa Sra de Nazar\u00e9&nbsp; Natal\/RN. <br>CEP: 59062-000 <\/td><td>\n                <li>(84) 3223-8912\n                <\/li><li><a href=\"mailto:medcalfarmaltda@gmail.com\">medcalfarmaltda@gmail.com<\/a>\n                <\/li><li>Contato: Magnus Soares\n                <\/li><li>\u00c1rea de atua\u00e7\u00e3o: RN.\n            <\/li><\/td><\/tr><tr><td class=\"has-text-align-left\" data-align=\"left\"> BRASILAB Produtos Servi\u00e7os Laboratoriais Ltda. <\/td><td class=\"has-text-align-center\" data-align=\"center\">\n                Rua Antonio Gama, 639 \u2013 Bairro Expedicion\u00e1rios Jo\u00e3o\n                Pessoa\/PB. <br>CEP: 58041-110 <\/td><td>\n                <li>(83) 3576-8065\n                <\/li><li><a href=\"mailto:brasilab.brasilab@gmail.com\">brasilab.brasilab@gmail.com<\/a>\n                <\/li><li>Contato: Isaias\n                <\/li><li>\u00c1rea de atua\u00e7\u00e3o: PB.\n                    &nbsp;\n            <\/li><\/td><\/tr><tr><td class=\"has-text-align-left\" data-align=\"left\">TEST LAB Com\u00e9rcio e Servi\u00e7os Eireli<\/td><td class=\"has-text-align-center\" data-align=\"center\"> Rua Coronel Rodrigo de Carvalho, 200 \u2013 S\u00e3o Gon\u00e7alo \/RJ.\n                <br>CEP: 24460-440\n            <\/td><td>\n                <li>(21) 3857-1856\n                <\/li><li>(21) 99646-1632\n                <\/li><li><a href=\"mailto:comercial@testlab.net.br\">comercial@testlab.net.br<\/a>\n                <\/li><li>Contato: Sr. Alex Ribeiro \u2013 Setor Comercial\n                <\/li><li>\u00c1rea de atua\u00e7\u00e3o: RJ.\n            <\/li><\/td><\/tr><tr><td class=\"has-text-align-left\" data-align=\"left\">VISION M\u00e9dica Eireli \u2013 ME.<\/td><td class=\"has-text-align-center\" data-align=\"center\"> Rua Padre Ingl\u00eas, 144 \u2013 Recife\/PE\n                <br>CEP: 50050-230\n            <\/td><td>\n                <li>(81) 3132-0706\n                <\/li><li>(81) 3132-0707\n                <\/li><li><a href=\"mailto:vision.medica.me@gmail.com\">vision.medica.me@gmail.com<\/a>\n                <\/li><li>Contato: Setor de Vendas\n                <\/li><li>\u00c1rea de atua\u00e7\u00e3o: PE.\n            <\/li><\/td><\/tr><tr><td class=\"has-text-align-left\" data-align=\"left\">PHOCUS Diagn\u00f3stica Produtos M\u00e9dicos Lab. Ltda<\/td><td class=\"has-text-align-center\" data-align=\"center\"> Rua Barueri, 03\n                Santo Andr\u00e9\/SP\n                <br>CEP: 09051-590\n            <\/td><td>\n                <li>(11) 4319-0400\n                <\/li><li><a href=\"mailto:vendas@phocusdiagnostica.com.br\">vendas@phocusdiagnostica.com.br<\/a>\n                <\/li><li>Contato: Cleber\/Bruna\n                <\/li><li>\u00c1rea de atua\u00e7\u00e3o: SP.\n            <\/li><\/td><\/tr><tr><td class=\"has-text-align-left\" data-align=\"left\">SILLAB \u2013 Solu\u00e7\u00f5es para Laborat\u00f3rios<\/td><td class=\"has-text-align-center\" data-align=\"center\"> Rua Atilio Brunetti, 2136 Curitiba\/PR.\n                <br>CEP: 81150-070\n            <\/td><td>\n                <li>(41) 3248-9151\n                <\/li><li><a href=\"mailto:sillab@sillab.com.br\">sillab@sillab.com.br<\/a>\n                <\/li><li>Contato: Setor de Vendas\n                <\/li><li>\u00c1rea de atua\u00e7\u00e3o: PR\/SC.\n            <\/li><\/td><\/tr><tr><td class=\"has-text-align-left\" data-align=\"left\">ATL Bahia \u2013 Produtos Hospitalares Ltda.<\/td><td class=\"has-text-align-center\" data-align=\"center\">Rua Aguas Claras, 813 \u2013 Sala210 Bairro Bela Vista Teixeira de Freitas\/BA.\n                <br>CEP: 45990-280\n            <\/td><td>\n                <li>(73) 2011-8588\n                <\/li><li>(73) 99921-3388\n                <\/li><li><a href=\"mailto:comercial@atlbahia.com.br\">comercial@atlbahia.com.br<\/a>\n                <\/li><li>Contato: Setor de Vendas\n                <\/li><li>\u00c1rea de atua\u00e7\u00e3o: BA.\n            <\/li><\/td><\/tr><tr><td class=\"has-text-align-left\" data-align=\"left\">REAG-LAB <br>Com\u00e9rcio de Produtos M\u00e9dicos e Hospitalares Ltda.<\/td><td class=\"has-text-align-center\" data-align=\"center\">Rua Rio Grande do Sul, 80 Bairro: Meier\n                Rio de Janeiro\/RJ.\n                <br>CEP: 20775-100\n            <\/td><td>\n                <li>(21) 2581-3553\n                <\/li><li>(21) 97036-3021\n                <\/li><li><a href=\"mailto:reaglab@terra.com.br\">reaglab@terra.com.br<\/a>\n                <\/li><li>Contato: Setor de Vendas\n                <\/li><li>\u00c1rea de atua\u00e7\u00e3o: RJ.\n            <\/li><\/td><\/tr><tr><td class=\"has-text-align-left\" data-align=\"left\">ARGUS CIENTIFICA LTDA.<\/td><td class=\"has-text-align-center\" data-align=\"center\">Av. Brasil, 283 \u2013 3\u00ba andar Bairro: Santa fig\u00eania\n                Belo Horizonte\/MG\n                <br>CEP: 30140-000\n            <\/td><td>\n                <li>(31) 3241-2456 \u2013 MG.\n                <\/li><li>(31) 97140-8230 \u2013 ES. (Danubio)\n                <\/li><li><a href=\"mailto:argus@arguscientifica.com.br\">argus@arguscientifica.com.br<\/a>\n                <\/li><li>Contato: Setor de Vendas\n                <\/li><li>\u00c1rea de atua\u00e7\u00e3o: MG\/ES.\n            <\/li><\/td><\/tr><\/tbody><\/table><\/figure>\n\n\n\n<p><\/p>\n","protected":false},"excerpt":{"rendered":"<p>Distribuidor Endere\u00e7o E-mail DISLAB Produtos p\/Laborat\u00f3rios Av. Mau\u00e1, 2007 \u2013 Maringa\/PR. CEP: 87050-020 (44) 3222-6520 vendas@dislabparana.com.br www.dislabparana.com.br Contato: Setor Vendas \u00c1rea de atua\u00e7\u00e3o: PR. TKS Com\u00e9rcio de Materiais p\/Laborat\u00f3rio Rua Jos\u00e9 Aparecido Lobo Colino, 114 \u2013 Sala 02 \u2013 Residencial Bosque dos Ipes \u2013 S\u00e3o Jos\u00e9 dos Campos\/SP. CEP: 12236-873 (12) 3028-7839 sinezio.tks@outlook.com Contato: Sin\u00e9zio [&hellip;]<\/p>\n","protected":false},"author":2,"featured_media":0,"parent":0,"menu_order":85,"comment_status":"closed","ping_status":"closed","template":"","meta":{"footnotes":""},"class_list":["post-12","page","type-page","status-publish","hentry"],"_links":{"self":[{"href":"https:\/\/www.laborlab.com.br\/index.php?rest_route=\/wp\/v2\/pages\/12","targetHints":{"allow":["GET"]}}],"collection":[{"href":"https:\/\/www.laborlab.com.br\/index.php?rest_route=\/wp\/v2\/pages"}],"about":[{"href":"https:\/\/www.laborlab.com.br\/index.php?rest_route=\/wp\/v2\/types\/page"}],"author":[{"embeddable":true,"href":"https:\/\/www.laborlab.com.br\/index.php?rest_route=\/wp\/v2\/users\/2"}],"replies":[{"embeddable":true,"href":"https:\/\/www.laborlab.com.br\/index.php?rest_route=%2Fwp%2Fv2%2Fcomments&post=12"}],"version-history":[{"count":73,"href":"https:\/\/www.laborlab.com.br\/index.php?rest_route=\/wp\/v2\/pages\/12\/revisions"}],"predecessor-version":[{"id":2238,"href":"https:\/\/www.laborlab.com.br\/index.php?rest_route=\/wp\/v2\/pages\/12\/revisions\/2238"}],"wp:attachment":[{"href":"https:\/\/www.laborlab.com.br\/index.php?rest_route=%2Fwp%2Fv2%2Fmedia&parent=12"}],"curies":[{"name":"wp","href":"https:\/\/api.w.org\/{rel}","templated":true}]}}