{"id":10,"date":"2013-04-04T16:46:53","date_gmt":"2013-04-04T16:46:53","guid":{"rendered":"http:\/\/pablotrincavelli.wordpress.com\/?page_id=10"},"modified":"2025-04-07T08:51:47","modified_gmt":"2025-04-07T11:51:47","slug":"programacoes","status":"publish","type":"page","link":"https:\/\/www.laborlab.com.br\/?page_id=10","title":{"rendered":"Programa\u00e7\u00f5es"},"content":{"rendered":"\n<!DOCTYPE html>\n<html>\n<head>\n<title>Aviso Importante<\/title>\n<style>\n  .aviso {\n    background-color: #FFFFE0; \/* Amarelo claro *\/\n    border: 1px solid #FFD700; \/* Amarelo ouro *\/\n    padding: 20px;\n    margin: 20px;\n    font-family: sans-serif;\n    text-align: center;\n  }\n  .aviso strong {\n    color: #FF0000; \/* Vermelho *\/\n  }\n<\/style>\n<\/head>\n<body>\n\n<div class=\"aviso\">\n  <strong>Aviso Importante:<\/strong><br><br>\n  Consulte nosso departamento t\u00e9cnico para obter o protocolo de seu equipamento atrav\u00e9s do e-mail <a href=\"mailto:qualidade@laborlab.com.br\">qualidade@laborlab.com.br<\/a> ou entre em contato pelos n\u00fameros: (11) 2480-0529 \/ (11) 2162-0200.\n<\/div>\n\n<\/body>\n<\/html>\n\n\n\n<p><\/p>\n","protected":false},"excerpt":{"rendered":"<p>Aviso Importante Aviso Importante: Consulte nosso departamento t\u00e9cnico para obter o protocolo de seu equipamento atrav\u00e9s do e-mail qualidade@laborlab.com.br ou entre em contato pelos n\u00fameros: (11) 2480-0529 \/ (11) 2162-0200.<\/p>\n","protected":false},"author":2,"featured_media":0,"parent":0,"menu_order":3,"comment_status":"closed","ping_status":"closed","template":"","meta":{"footnotes":""},"class_list":["post-10","page","type-page","status-publish","hentry"],"_links":{"self":[{"href":"https:\/\/www.laborlab.com.br\/index.php?rest_route=\/wp\/v2\/pages\/10","targetHints":{"allow":["GET"]}}],"collection":[{"href":"https:\/\/www.laborlab.com.br\/index.php?rest_route=\/wp\/v2\/pages"}],"about":[{"href":"https:\/\/www.laborlab.com.br\/index.php?rest_route=\/wp\/v2\/types\/page"}],"author":[{"embeddable":true,"href":"https:\/\/www.laborlab.com.br\/index.php?rest_route=\/wp\/v2\/users\/2"}],"replies":[{"embeddable":true,"href":"https:\/\/www.laborlab.com.br\/index.php?rest_route=%2Fwp%2Fv2%2Fcomments&post=10"}],"version-history":[{"count":52,"href":"https:\/\/www.laborlab.com.br\/index.php?rest_route=\/wp\/v2\/pages\/10\/revisions"}],"predecessor-version":[{"id":1869,"href":"https:\/\/www.laborlab.com.br\/index.php?rest_route=\/wp\/v2\/pages\/10\/revisions\/1869"}],"wp:attachment":[{"href":"https:\/\/www.laborlab.com.br\/index.php?rest_route=%2Fwp%2Fv2%2Fmedia&parent=10"}],"curies":[{"name":"wp","href":"https:\/\/api.w.org\/{rel}","templated":true}]}}